{"id":303,"date":"2013-01-16T17:12:14","date_gmt":"2013-01-16T17:12:14","guid":{"rendered":"http:\/\/www.moncamp.com\/?page_id=303"},"modified":"2015-12-27T18:21:51","modified_gmt":"2015-12-27T18:21:51","slug":"certifications","status":"publish","type":"page","link":"https:\/\/www.moncamp.com\/en\/informations\/certifications\/","title":{"rendered":"Certifications"},"content":{"rendered":"<p>Member of the Association des camps du Qu\u00e9bec and the \u00c9qui-qualit\u00e9 program of the Quebec Equestrian Federation, Ranch Massawippi is subject to their certification program. Therefore, all requirements regarding the administration, the safety, the hygiene, the human resources and the program planning are met.<\/p>\n<p><a name=\"coup-coeur\"><\/a><\/p>\n<hr \/>\n<p><img decoding=\"async\" class=\"alignleft block\" alt=\"coup-coeur-acq\" src=\"http:\/\/www.moncamp.com\/wp-content\/uploads\/2013\/01\/coup-coeur-acq-200x300.jpg\" width=\"200\" height=\"300\" \/><\/p>\n<p>Winner of the\u00a0<em><strong>COUP DE C\u0152UR OF THE YEAR 2012<\/strong>,\u00a0<\/em>Ranch Massawippi has distinguished itself again in <strong>2015<\/strong> by being nominated among a hundred camps visited during the summer by the ACQ accreditation consultants.\u00a0This prestigious award is given to the camp who stands out with exceptional quality of its services and installations as well as the experience offered to its customers.<\/p>\n<p>The ACQ recognizes the Ranch Massawippi\u2019s excellence regarding the following factors : the safe environment, the warm welcome, the friendly ambiance, the staff dynamism and sense of responsibility, the magic and joie de vivre present on the site, the great diversity of activities offered, the general organization of the camp, the cleanliness and beauty of the site, the quality of the accommodations and, of course, respect of all <a href=\"http:\/\/camps.qc.ca\/fr\/parents-et-enfants\/le-sceau-de-l-association-des-camps-certifies-du-quebec\/normes-association-des-camps-certifies-du-quebec\/\" target=\"_blank\">accreditation standards<\/a>.<\/p>\n<p><a href=\"http:\/\/www.moncamp.com\/wp-content\/uploads\/2013\/01\/ranch-massawippi-rapport-2012.pdf\">Click here to read the consultant&#8217;s accreditation report following the visit to the Ranch Massawippi.<\/a><\/p>\n<p>&nbsp;<\/p>\n<p><a name=\"equi-qualite\"><\/a><\/p>\n<hr \/>\n<p><img decoding=\"async\" class=\"alignleft size-full wp-image-52 block\" alt=\"equi-qualite\" src=\"http:\/\/www.moncamp.com\/wp-content\/uploads\/2013\/01\/equi-qualite.jpg\" width=\"220\" height=\"162\" \/><\/p>\n<p>The \u00c9qui-qualit\u00e9 standard is a sign of trust and an assurance of safety for all.<\/p>\n<p>Living the riding experience in a \u00c9qui-qualit\u00e9 certified establishment such as Ranch Massawippi, you will be in an environment where the following standards are met:<\/p>\n<ul>\n<li>Horses in good condition;<\/li>\n<li>Safe stable and facilities;<\/li>\n<li>Instrustors certified by the Quebec Equestrian Federation;<\/li>\n<li>Impeccable customer service.<\/li>\n<\/ul>\n<p><a name=\"quatre-etoiles\"><\/a><\/p>\n<hr \/>\n<p><img decoding=\"async\" class=\"alignleft size-full wp-image-50 block\" alt=\"4etoiles\" src=\"http:\/\/www.moncamp.com\/wp-content\/uploads\/2013\/01\/4etoiles.jpg\" width=\"220\" height=\"230\" \/><\/p>\n<p>Following the visit of the CITQ classification (Government of Quebec), the Ranch Massawippi was listed <strong>4 stars<\/strong> for the exceptional quality of its services and facilities.<\/p>\n<p>This confirms that our camp is of superior comfort, with quality facilities, and that it offers a wide range of services and amenities.<\/p>\n","protected":false},"excerpt":{"rendered":"<p>Member of the Association des camps du Qu\u00e9bec and the \u00c9qui-qualit\u00e9 program of the Quebec Equestrian Federation, Ranch Massawippi is subject to their certification program. Therefore, all requirements regarding the administration, the safety, the hygiene, the human resources and the &hellip; <a href=\"https:\/\/www.moncamp.com\/en\/informations\/certifications\/\">Continue reading <span class=\"meta-nav\">&rarr;<\/span><\/a><\/p>\n","protected":false},"author":1,"featured_media":0,"parent":296,"menu_order":5,"comment_status":"open","ping_status":"open","template":"one-column-page.php","meta":{"footnotes":"","_links_to":"","_links_to_target":""},"class_list":["post-303","page","type-page","status-publish","hentry"],"_links":{"self":[{"href":"https:\/\/www.moncamp.com\/en\/wp-json\/wp\/v2\/pages\/303","targetHints":{"allow":["GET"]}}],"collection":[{"href":"https:\/\/www.moncamp.com\/en\/wp-json\/wp\/v2\/pages"}],"about":[{"href":"https:\/\/www.moncamp.com\/en\/wp-json\/wp\/v2\/types\/page"}],"author":[{"embeddable":true,"href":"https:\/\/www.moncamp.com\/en\/wp-json\/wp\/v2\/users\/1"}],"replies":[{"embeddable":true,"href":"https:\/\/www.moncamp.com\/en\/wp-json\/wp\/v2\/comments?post=303"}],"version-history":[{"count":8,"href":"https:\/\/www.moncamp.com\/en\/wp-json\/wp\/v2\/pages\/303\/revisions"}],"predecessor-version":[{"id":1542,"href":"https:\/\/www.moncamp.com\/en\/wp-json\/wp\/v2\/pages\/303\/revisions\/1542"}],"up":[{"embeddable":true,"href":"https:\/\/www.moncamp.com\/en\/wp-json\/wp\/v2\/pages\/296"}],"wp:attachment":[{"href":"https:\/\/www.moncamp.com\/en\/wp-json\/wp\/v2\/media?parent=303"}],"curies":[{"name":"wp","href":"https:\/\/api.w.org\/{rel}","templated":true}]}}